

{"id":82,"date":"2020-01-10T10:55:04","date_gmt":"2020-01-10T09:55:04","guid":{"rendered":"https:\/\/id-ai.eu\/?page_id=82"},"modified":"2022-10-01T17:33:53","modified_gmt":"2022-10-01T15:33:53","slug":"venue-2020","status":"publish","type":"page","link":"https:\/\/id-ai.eu\/fr\/venue-2020\/","title":{"rendered":"Lieu"},"content":{"rendered":"<p>Le workshop se d\u00e9roule \u00e0 Inria Nancy &#8211; Grand Est, sur le campus de l&rsquo;Universit\u00e9 de Lorraine.<\/p>\n<p><strong>Centre de recherche Inria Nancy-Grand Est<\/strong><br \/>\n615, rue du Jardin Botanique<br \/>\n54600 Villers-l\u00e8s-Nancy<\/p>\n<p>T\u00e9l\u00e9phone : +33 3 83 59 30 00<\/p>\n<h1 style=\"text-align: center;\"><a href=\"https:\/\/id-ai.eu\/files\/2020\/01\/B_Nancy_Inria-0239-437.jpg\"><img loading=\"lazy\" decoding=\"async\" class=\"alignnone size-large wp-image-187\" src=\"https:\/\/id-ai.eu\/files\/2020\/01\/B_Nancy_Inria-0239-437-1024x578.jpg\" alt=\"\" width=\"900\" height=\"508\" srcset=\"https:\/\/id-ai.eu\/files\/2020\/01\/B_Nancy_Inria-0239-437-1024x578.jpg 1024w, https:\/\/id-ai.eu\/files\/2020\/01\/B_Nancy_Inria-0239-437-300x169.jpg 300w, https:\/\/id-ai.eu\/files\/2020\/01\/B_Nancy_Inria-0239-437-768x434.jpg 768w, https:\/\/id-ai.eu\/files\/2020\/01\/B_Nancy_Inria-0239-437-150x85.jpg 150w, https:\/\/id-ai.eu\/files\/2020\/01\/B_Nancy_Inria-0239-437.jpg 1826w\" sizes=\"auto, (max-width: 900px) 100vw, 900px\" \/><\/a><\/h1>\n<p>&nbsp;<\/p>","protected":false},"excerpt":{"rendered":"<p>Le workshop se d\u00e9roule \u00e0 Inria Nancy &#8211; Grand Est, sur le campus de l&rsquo;Universit\u00e9 de Lorraine. Centre de recherche Inria Nancy-Grand Est 615, rue du Jardin Botanique 54600 Villers-l\u00e8s-Nancy T\u00e9l\u00e9phone : +33 3 83 59 30 00 &nbsp;<\/p>\n<p> <a class=\"continue-reading-link\" href=\"https:\/\/id-ai.eu\/fr\/venue-2020\/\"><span>Continue reading<\/span><i class=\"crycon-right-dir\"><\/i><\/a> <\/p>\n","protected":false},"author":741,"featured_media":0,"parent":0,"menu_order":0,"comment_status":"closed","ping_status":"closed","template":"","meta":{"footnotes":""},"class_list":["post-82","page","type-page","status-publish","hentry"],"_links":{"self":[{"href":"https:\/\/id-ai.eu\/fr\/wp-json\/wp\/v2\/pages\/82","targetHints":{"allow":["GET"]}}],"collection":[{"href":"https:\/\/id-ai.eu\/fr\/wp-json\/wp\/v2\/pages"}],"about":[{"href":"https:\/\/id-ai.eu\/fr\/wp-json\/wp\/v2\/types\/page"}],"author":[{"embeddable":true,"href":"https:\/\/id-ai.eu\/fr\/wp-json\/wp\/v2\/users\/741"}],"replies":[{"embeddable":true,"href":"https:\/\/id-ai.eu\/fr\/wp-json\/wp\/v2\/comments?post=82"}],"version-history":[{"count":21,"href":"https:\/\/id-ai.eu\/fr\/wp-json\/wp\/v2\/pages\/82\/revisions"}],"predecessor-version":[{"id":332,"href":"https:\/\/id-ai.eu\/fr\/wp-json\/wp\/v2\/pages\/82\/revisions\/332"}],"wp:attachment":[{"href":"https:\/\/id-ai.eu\/fr\/wp-json\/wp\/v2\/media?parent=82"}],"curies":[{"name":"wp","href":"https:\/\/api.w.org\/{rel}","templated":true}]}}