

{"id":188,"date":"2020-01-14T02:27:26","date_gmt":"2020-01-14T01:27:26","guid":{"rendered":"https:\/\/id-ai.eu\/?page_id=188"},"modified":"2022-10-01T17:31:08","modified_gmt":"2022-10-01T15:31:08","slug":"getting-there-2020","status":"publish","type":"page","link":"https:\/\/id-ai.eu\/fr\/getting-there-2020\/","title":{"rendered":"Acc\u00e8s"},"content":{"rendered":"<p><\/p>\n<h2>En voiture<\/h2>\n<p>Deux parkings sont disponibles si vous souhaitez arriver avec votre propre v\u00e9hicule. Le premier est situ\u00e9 juste en face du b\u00e2timent principal. Le second est situ\u00e9 derri\u00e8re le b\u00e2timent principal.<\/p>\n<h2>En transport public<\/h2>\n<p>Site Web : <a href=\"https:\/\/www.reseau-stan.com\/\" target=\"_blank\" rel=\"noopener\">R\u00e9seau Stan<\/a><\/p>\n<h3>\u00a0\u00a0\u00a0\u00a0 Tramway<\/h3>\n<ul>\n<li>Prendre le <strong>tramway ligne T1<\/strong> \u00e0 l&rsquo;arr\u00eat \u00ab\u00a0Nancy Gare\u00a0\u00bb en direction de \u00ab\u00a0Vandoeuvre-CHU\u00a0\u00bb.<\/li>\n<li>Descendez \u00e0 l&rsquo;arr\u00eat \u00ab\u00a0Callot\u00a0\u00bb<\/li>\n<li>Suivre la direction du Lyc\u00e9e Jacques Callot, puis monter au Campus des Sciences<\/li>\n<li>Passez la barri\u00e8re du campus<\/li>\n<li>Traversez le parking, Inria Nancy &#8211; Grand Est est devant vous<\/li>\n<\/ul>\n<h3>\u00a0\u00a0\u00a0\u00a0 Bus<\/h3>\n<ul>\n<li>Prendre le bus <strong>Tempo 3<\/strong> \u00e0 l&rsquo;arr\u00eat \u00ab\u00a0Poirel\u00a0\u00bb en direction de Villers Campus Sciences<\/li>\n<li>Descendre \u00e0 l&rsquo;arr\u00eat \u00ab\u00a0UFR Staps\u00a0\u00bb ou \u00ab\u00a0Grande Corv\u00e9e\u00a0\u00bb.<\/li>\n<\/ul>\n<h3>Par train<\/h3>\n<ul>\n<li>Trains directs depuis la gare de Nancy : 30 minutes de Metz, 1h25 de Strasbourg et 1h30 de Paris<\/li>\n<li>Trains directs depuis la gare TGV de Lorraine (35 km de Nancy) : navettes vers la gare de Nancy .<\/li>\n<\/ul>\n<p><\/p>","protected":false},"excerpt":{"rendered":"<p>En voiture Deux parkings sont disponibles si vous souhaitez arriver avec votre propre v\u00e9hicule. Le premier est situ\u00e9 juste en face du b\u00e2timent principal. Le second est situ\u00e9 derri\u00e8re le b\u00e2timent principal. En transport public Site Web : R\u00e9seau Stan \u00a0\u00a0\u00a0\u00a0 Tramway Prendre le tramway ligne T1 \u00e0 l&rsquo;arr\u00eat \u00ab\u00a0Nancy\u2026<\/p>\n<p> <a class=\"continue-reading-link\" href=\"https:\/\/id-ai.eu\/fr\/getting-there-2020\/\"><span>Continue reading<\/span><i class=\"crycon-right-dir\"><\/i><\/a> <\/p>\n","protected":false},"author":332,"featured_media":0,"parent":0,"menu_order":0,"comment_status":"closed","ping_status":"closed","template":"","meta":{"footnotes":""},"class_list":["post-188","page","type-page","status-publish","hentry"],"_links":{"self":[{"href":"https:\/\/id-ai.eu\/fr\/wp-json\/wp\/v2\/pages\/188","targetHints":{"allow":["GET"]}}],"collection":[{"href":"https:\/\/id-ai.eu\/fr\/wp-json\/wp\/v2\/pages"}],"about":[{"href":"https:\/\/id-ai.eu\/fr\/wp-json\/wp\/v2\/types\/page"}],"author":[{"embeddable":true,"href":"https:\/\/id-ai.eu\/fr\/wp-json\/wp\/v2\/users\/332"}],"replies":[{"embeddable":true,"href":"https:\/\/id-ai.eu\/fr\/wp-json\/wp\/v2\/comments?post=188"}],"version-history":[{"count":2,"href":"https:\/\/id-ai.eu\/fr\/wp-json\/wp\/v2\/pages\/188\/revisions"}],"predecessor-version":[{"id":327,"href":"https:\/\/id-ai.eu\/fr\/wp-json\/wp\/v2\/pages\/188\/revisions\/327"}],"wp:attachment":[{"href":"https:\/\/id-ai.eu\/fr\/wp-json\/wp\/v2\/media?parent=188"}],"curies":[{"name":"wp","href":"https:\/\/api.w.org\/{rel}","templated":true}]}}